{"id":66,"date":"2023-10-14T23:41:10","date_gmt":"2023-10-14T23:41:10","guid":{"rendered":"https:\/\/benitezecografias.com.ar\/estudios-ecograficos\/?page_id=66"},"modified":"2023-12-27T21:03:00","modified_gmt":"2023-12-27T21:03:00","slug":"estudios","status":"publish","type":"page","link":"https:\/\/benitezecografias.com.ar\/estudios-ecograficos\/estudios\/","title":{"rendered":"Estudios"},"content":{"rendered":"\t\t<div data-elementor-type=\"wp-page\" data-elementor-id=\"66\" class=\"elementor elementor-66\" data-elementor-post-type=\"page\">\n\t\t\t\t<div class=\"elementor-element elementor-element-4b44063 e-flex e-con-boxed e-con e-parent\" data-id=\"4b44063\" data-element_type=\"container\" data-e-type=\"container\">\n\t\t\t\t\t<div class=\"e-con-inner\">\n\t\t\t\t<div class=\"elementor-element elementor-element-27a1c89 elementor-widget elementor-widget-heading\" data-id=\"27a1c89\" data-element_type=\"widget\" data-e-type=\"widget\" data-widget_type=\"heading.default\">\n\t\t\t\t<div class=\"elementor-widget-container\">\n\t\t\t\t\t<h2 class=\"elementor-heading-title elementor-size-default\">Ecograf\u00edas de Alta Resoluci\u00f3n<\/h2>\t\t\t\t<\/div>\n\t\t\t\t<\/div>\n\t\t\t\t\t<\/div>\n\t\t\t\t<\/div>\n\t\t<div class=\"elementor-element elementor-element-16de514 e-flex e-con-boxed e-con e-parent\" data-id=\"16de514\" data-element_type=\"container\" data-e-type=\"container\">\n\t\t\t\t\t<div class=\"e-con-inner\">\n\t\t\t\t<div class=\"elementor-element elementor-element-397b37f elementor-grid-3 elementor-grid-tablet-2 elementor-grid-mobile-1 pp-equal-height-yes elementor-widget elementor-widget-pp-posts\" data-id=\"397b37f\" data-element_type=\"widget\" data-e-type=\"widget\" data-widget_type=\"pp-posts.portfolio\">\n\t\t\t\t<div class=\"elementor-widget-container\">\n\t\t\t\t\t\t\t<div class=\"pp-posts-container\">\n\t\t\t\n\t\t\t\t\t\t\t\t\t\t\n\t\t\t<div class=\"pp-posts pp-posts-skin-portfolio elementor-grid pp-posts-grid\" data-query-type=\"custom\" data-layout=\"grid\" data-page=\"66\" data-skin=\"portfolio\">\n\t\t\t\t\t\t\t\t\t\t\t<div class=\"pp-post-wrap pp-grid-item-wrap elementor-grid-item post-212 post type-post status-publish format-standard has-post-thumbnail hentry category-ecografias\">\n\t\t\t\t\t\t<div class=\"pp-post pp-grid-item\">\n\t\t\t\t<div class=\"pp-post-content pp-content-always\">\n\t\t\t\t\t\t\t<div class=\"pp-post-thumbnail\">\n\t\t\t<a class=\"pp-post-thumbnail-wrap\" href=\"https:\/\/benitezecografias.com.ar\/estudios-ecograficos\/general\/\" title=\"General\">\n\t\t\t\t<img fetchpriority=\"high\" decoding=\"async\" width=\"800\" height=\"534\" src=\"https:\/\/benitezecografias.com.ar\/estudios-ecograficos\/wp-content\/uploads\/2023\/10\/13-1024x684.jpeg\" class=\"attachment-large size-large wp-image-30\" alt=\"\" srcset=\"https:\/\/benitezecografias.com.ar\/estudios-ecograficos\/wp-content\/uploads\/2023\/10\/13-1024x684.jpeg 1024w, https:\/\/benitezecografias.com.ar\/estudios-ecograficos\/wp-content\/uploads\/2023\/10\/13-300x200.jpeg 300w, https:\/\/benitezecografias.com.ar\/estudios-ecograficos\/wp-content\/uploads\/2023\/10\/13-768x513.jpeg 768w, https:\/\/benitezecografias.com.ar\/estudios-ecograficos\/wp-content\/uploads\/2023\/10\/13-1536x1025.jpeg 1536w, https:\/\/benitezecografias.com.ar\/estudios-ecograficos\/wp-content\/uploads\/2023\/10\/13-449x300.jpeg 449w, https:\/\/benitezecografias.com.ar\/estudios-ecograficos\/wp-content\/uploads\/2023\/10\/13.jpeg 1600w\" sizes=\"(max-width: 800px) 100vw, 800px\" \/>\t\t\t<\/a>\n\t\t<\/div>\n\t\t\t\t\t\t\t<div class=\"pp-image-overlay\">\n\t\t\t\t\t<\/div>\n\t\t\t\t\t<div class=\"pp-post-thumb-content-wrap\">\n\t\t\t\t\t\t<div class=\"pp-post-thumb-content\">\n\t\t\t\t\t\t\t\t\t\t\t\t\t<h2 class=\"pp-post-title\">\n\t\t\t\t<a href=\"https:\/\/benitezecografias.com.ar\/estudios-ecograficos\/general\/\">General<\/a>\t\t\t<\/h2>\n\t\t\t\t\t\t\t<div class=\"pp-post-separator-wrap\">\n\t\t\t\t\t<div class=\"pp-post-separator\"><\/div>\n\t\t\t\t<\/div>\n\t\t\t\t\t\t\t\t\t\t<\/div>\n\t\t\t\t\t<\/div>\n\t\t\t\t<\/div>\n\t\t\t<\/div>\n\t\t\t\t\t<\/div>\n\t\t\t\t<div class=\"pp-post-wrap pp-grid-item-wrap elementor-grid-item post-455 post type-post status-publish format-standard has-post-thumbnail hentry category-ecografias\">\n\t\t\t\t\t\t<div class=\"pp-post pp-grid-item\">\n\t\t\t\t<div class=\"pp-post-content pp-content-always\">\n\t\t\t\t\t\t\t<div class=\"pp-post-thumbnail\">\n\t\t\t<a class=\"pp-post-thumbnail-wrap\" href=\"https:\/\/benitezecografias.com.ar\/estudios-ecograficos\/elastografia\/\" title=\"Elastograf\u00eda\">\n\t\t\t\t<img decoding=\"async\" width=\"668\" height=\"1000\" src=\"https:\/\/benitezecografias.com.ar\/estudios-ecograficos\/wp-content\/uploads\/2023\/11\/1000__DSC8265482.jpg\" class=\"attachment-large size-large wp-image-937\" alt=\"\" srcset=\"https:\/\/benitezecografias.com.ar\/estudios-ecograficos\/wp-content\/uploads\/2023\/11\/1000__DSC8265482.jpg 668w, https:\/\/benitezecografias.com.ar\/estudios-ecograficos\/wp-content\/uploads\/2023\/11\/1000__DSC8265482-200x300.jpg 200w\" sizes=\"(max-width: 668px) 100vw, 668px\" \/>\t\t\t<\/a>\n\t\t<\/div>\n\t\t\t\t\t\t\t<div class=\"pp-image-overlay\">\n\t\t\t\t\t<\/div>\n\t\t\t\t\t<div class=\"pp-post-thumb-content-wrap\">\n\t\t\t\t\t\t<div class=\"pp-post-thumb-content\">\n\t\t\t\t\t\t\t\t\t\t\t\t\t<h2 class=\"pp-post-title\">\n\t\t\t\t<a href=\"https:\/\/benitezecografias.com.ar\/estudios-ecograficos\/elastografia\/\">Elastograf\u00eda<\/a>\t\t\t<\/h2>\n\t\t\t\t\t\t\t<div class=\"pp-post-separator-wrap\">\n\t\t\t\t\t<div class=\"pp-post-separator\"><\/div>\n\t\t\t\t<\/div>\n\t\t\t\t\t\t\t\t\t\t<\/div>\n\t\t\t\t\t<\/div>\n\t\t\t\t<\/div>\n\t\t\t<\/div>\n\t\t\t\t\t<\/div>\n\t\t\t\t<div class=\"pp-post-wrap pp-grid-item-wrap elementor-grid-item post-218 post type-post status-publish format-standard has-post-thumbnail hentry category-ecografias\">\n\t\t\t\t\t\t<div class=\"pp-post pp-grid-item\">\n\t\t\t\t<div class=\"pp-post-content pp-content-always\">\n\t\t\t\t\t\t\t<div class=\"pp-post-thumbnail\">\n\t\t\t<a class=\"pp-post-thumbnail-wrap\" href=\"https:\/\/benitezecografias.com.ar\/estudios-ecograficos\/obstetricia\/\" title=\"Obstetricia\">\n\t\t\t\t<img decoding=\"async\" width=\"800\" height=\"534\" src=\"https:\/\/benitezecografias.com.ar\/estudios-ecograficos\/wp-content\/uploads\/2023\/11\/DSC8043.jpg\" class=\"attachment-large size-large wp-image-564\" alt=\"\" srcset=\"https:\/\/benitezecografias.com.ar\/estudios-ecograficos\/wp-content\/uploads\/2023\/11\/DSC8043.jpg 1000w, https:\/\/benitezecografias.com.ar\/estudios-ecograficos\/wp-content\/uploads\/2023\/11\/DSC8043-300x200.jpg 300w, https:\/\/benitezecografias.com.ar\/estudios-ecograficos\/wp-content\/uploads\/2023\/11\/DSC8043-768x513.jpg 768w\" sizes=\"(max-width: 800px) 100vw, 800px\" \/>\t\t\t<\/a>\n\t\t<\/div>\n\t\t\t\t\t\t\t<div class=\"pp-image-overlay\">\n\t\t\t\t\t<\/div>\n\t\t\t\t\t<div class=\"pp-post-thumb-content-wrap\">\n\t\t\t\t\t\t<div class=\"pp-post-thumb-content\">\n\t\t\t\t\t\t\t\t\t\t\t\t\t<h2 class=\"pp-post-title\">\n\t\t\t\t<a href=\"https:\/\/benitezecografias.com.ar\/estudios-ecograficos\/obstetricia\/\">Obstetricia<\/a>\t\t\t<\/h2>\n\t\t\t\t\t\t\t<div class=\"pp-post-separator-wrap\">\n\t\t\t\t\t<div class=\"pp-post-separator\"><\/div>\n\t\t\t\t<\/div>\n\t\t\t\t\t\t\t\t\t\t<\/div>\n\t\t\t\t\t<\/div>\n\t\t\t\t<\/div>\n\t\t\t<\/div>\n\t\t\t\t\t<\/div>\n\t\t\t\t<div class=\"pp-post-wrap pp-grid-item-wrap elementor-grid-item post-216 post type-post status-publish format-standard has-post-thumbnail hentry category-ecografias\">\n\t\t\t\t\t\t<div class=\"pp-post pp-grid-item\">\n\t\t\t\t<div class=\"pp-post-content pp-content-always\">\n\t\t\t\t\t\t\t<div class=\"pp-post-thumbnail\">\n\t\t\t<a class=\"pp-post-thumbnail-wrap\" href=\"https:\/\/benitezecografias.com.ar\/estudios-ecograficos\/ginecologia\/\" title=\"Ginecologia\">\n\t\t\t\t<img loading=\"lazy\" decoding=\"async\" width=\"800\" height=\"534\" src=\"https:\/\/benitezecografias.com.ar\/estudios-ecograficos\/wp-content\/uploads\/2023\/12\/DSC8095.jpg\" class=\"attachment-large size-large wp-image-904\" alt=\"\" srcset=\"https:\/\/benitezecografias.com.ar\/estudios-ecograficos\/wp-content\/uploads\/2023\/12\/DSC8095.jpg 1000w, https:\/\/benitezecografias.com.ar\/estudios-ecograficos\/wp-content\/uploads\/2023\/12\/DSC8095-300x200.jpg 300w, https:\/\/benitezecografias.com.ar\/estudios-ecograficos\/wp-content\/uploads\/2023\/12\/DSC8095-768x513.jpg 768w\" sizes=\"(max-width: 800px) 100vw, 800px\" \/>\t\t\t<\/a>\n\t\t<\/div>\n\t\t\t\t\t\t\t<div class=\"pp-image-overlay\">\n\t\t\t\t\t<\/div>\n\t\t\t\t\t<div class=\"pp-post-thumb-content-wrap\">\n\t\t\t\t\t\t<div class=\"pp-post-thumb-content\">\n\t\t\t\t\t\t\t\t\t\t\t\t\t<h2 class=\"pp-post-title\">\n\t\t\t\t<a href=\"https:\/\/benitezecografias.com.ar\/estudios-ecograficos\/ginecologia\/\">Ginecologia<\/a>\t\t\t<\/h2>\n\t\t\t\t\t\t\t<div class=\"pp-post-separator-wrap\">\n\t\t\t\t\t<div class=\"pp-post-separator\"><\/div>\n\t\t\t\t<\/div>\n\t\t\t\t\t\t\t\t\t\t<\/div>\n\t\t\t\t\t<\/div>\n\t\t\t\t<\/div>\n\t\t\t<\/div>\n\t\t\t\t\t<\/div>\n\t\t\t\t<div class=\"pp-post-wrap pp-grid-item-wrap elementor-grid-item post-476 post type-post status-publish format-standard has-post-thumbnail hentry category-ecografias\">\n\t\t\t\t\t\t<div class=\"pp-post pp-grid-item\">\n\t\t\t\t<div class=\"pp-post-content pp-content-always\">\n\t\t\t\t\t\t\t<div class=\"pp-post-thumbnail\">\n\t\t\t<a class=\"pp-post-thumbnail-wrap\" href=\"https:\/\/benitezecografias.com.ar\/estudios-ecograficos\/doppler-color\/\" title=\"Doppler Color\">\n\t\t\t\t<img loading=\"lazy\" decoding=\"async\" width=\"800\" height=\"534\" src=\"https:\/\/benitezecografias.com.ar\/estudios-ecograficos\/wp-content\/uploads\/2023\/10\/11-1024x684.jpeg\" class=\"attachment-large size-large wp-image-28\" alt=\"\" srcset=\"https:\/\/benitezecografias.com.ar\/estudios-ecograficos\/wp-content\/uploads\/2023\/10\/11-1024x684.jpeg 1024w, https:\/\/benitezecografias.com.ar\/estudios-ecograficos\/wp-content\/uploads\/2023\/10\/11-300x200.jpeg 300w, https:\/\/benitezecografias.com.ar\/estudios-ecograficos\/wp-content\/uploads\/2023\/10\/11-768x513.jpeg 768w, https:\/\/benitezecografias.com.ar\/estudios-ecograficos\/wp-content\/uploads\/2023\/10\/11-1536x1025.jpeg 1536w, https:\/\/benitezecografias.com.ar\/estudios-ecograficos\/wp-content\/uploads\/2023\/10\/11-449x300.jpeg 449w, https:\/\/benitezecografias.com.ar\/estudios-ecograficos\/wp-content\/uploads\/2023\/10\/11.jpeg 1600w\" sizes=\"(max-width: 800px) 100vw, 800px\" \/>\t\t\t<\/a>\n\t\t<\/div>\n\t\t\t\t\t\t\t<div class=\"pp-image-overlay\">\n\t\t\t\t\t<\/div>\n\t\t\t\t\t<div class=\"pp-post-thumb-content-wrap\">\n\t\t\t\t\t\t<div class=\"pp-post-thumb-content\">\n\t\t\t\t\t\t\t\t\t\t\t\t\t<h2 class=\"pp-post-title\">\n\t\t\t\t<a href=\"https:\/\/benitezecografias.com.ar\/estudios-ecograficos\/doppler-color\/\">Doppler Color<\/a>\t\t\t<\/h2>\n\t\t\t\t\t\t\t<div class=\"pp-post-separator-wrap\">\n\t\t\t\t\t<div class=\"pp-post-separator\"><\/div>\n\t\t\t\t<\/div>\n\t\t\t\t\t\t\t\t\t\t<\/div>\n\t\t\t\t\t<\/div>\n\t\t\t\t<\/div>\n\t\t\t<\/div>\n\t\t\t\t\t<\/div>\n\t\t\t\t<div class=\"pp-post-wrap pp-grid-item-wrap elementor-grid-item post-214 post type-post status-publish format-standard has-post-thumbnail hentry category-ecografias\">\n\t\t\t\t\t\t<div class=\"pp-post pp-grid-item\">\n\t\t\t\t<div class=\"pp-post-content pp-content-always\">\n\t\t\t\t\t\t\t<div class=\"pp-post-thumbnail\">\n\t\t\t<a class=\"pp-post-thumbnail-wrap\" href=\"https:\/\/benitezecografias.com.ar\/estudios-ecograficos\/pediatrico\/\" title=\"Pediatrico\">\n\t\t\t\t<img loading=\"lazy\" decoding=\"async\" width=\"800\" height=\"534\" src=\"https:\/\/benitezecografias.com.ar\/estudios-ecograficos\/wp-content\/uploads\/2023\/12\/WhatsApp-Image-2023-12-18-at-08.34.40-1024x684.jpeg\" class=\"attachment-large size-large wp-image-969\" alt=\"\" srcset=\"https:\/\/benitezecografias.com.ar\/estudios-ecograficos\/wp-content\/uploads\/2023\/12\/WhatsApp-Image-2023-12-18-at-08.34.40-1024x684.jpeg 1024w, https:\/\/benitezecografias.com.ar\/estudios-ecograficos\/wp-content\/uploads\/2023\/12\/WhatsApp-Image-2023-12-18-at-08.34.40-300x200.jpeg 300w, https:\/\/benitezecografias.com.ar\/estudios-ecograficos\/wp-content\/uploads\/2023\/12\/WhatsApp-Image-2023-12-18-at-08.34.40-768x513.jpeg 768w, https:\/\/benitezecografias.com.ar\/estudios-ecograficos\/wp-content\/uploads\/2023\/12\/WhatsApp-Image-2023-12-18-at-08.34.40-1536x1025.jpeg 1536w, https:\/\/benitezecografias.com.ar\/estudios-ecograficos\/wp-content\/uploads\/2023\/12\/WhatsApp-Image-2023-12-18-at-08.34.40.jpeg 1600w\" sizes=\"(max-width: 800px) 100vw, 800px\" \/>\t\t\t<\/a>\n\t\t<\/div>\n\t\t\t\t\t\t\t<div class=\"pp-image-overlay\">\n\t\t\t\t\t<\/div>\n\t\t\t\t\t<div class=\"pp-post-thumb-content-wrap\">\n\t\t\t\t\t\t<div class=\"pp-post-thumb-content\">\n\t\t\t\t\t\t\t\t\t\t\t\t\t<h2 class=\"pp-post-title\">\n\t\t\t\t<a href=\"https:\/\/benitezecografias.com.ar\/estudios-ecograficos\/pediatrico\/\">Pediatrico<\/a>\t\t\t<\/h2>\n\t\t\t\t\t\t\t<div class=\"pp-post-separator-wrap\">\n\t\t\t\t\t<div class=\"pp-post-separator\"><\/div>\n\t\t\t\t<\/div>\n\t\t\t\t\t\t\t\t\t\t<\/div>\n\t\t\t\t\t<\/div>\n\t\t\t\t<\/div>\n\t\t\t<\/div>\n\t\t\t\t\t<\/div>\n\t\t\t\t\t\t\t\t\t<\/div>\n\t\t\t\n\t\t\t\n\t\t\t\n\t\t\t\n\t\t\t\t\t\t\t\t\t\t\t\t<\/div>\n\n\t\t\n\t\t\t\t\t\t<\/div>\n\t\t\t\t<\/div>\n\t\t\t\t\t<\/div>\n\t\t\t\t<\/div>\n\t\t\t\t<\/div>\n\t\t","protected":false},"excerpt":{"rendered":"<p>Ecograf\u00edas de Alta Resoluci\u00f3n General Elastograf\u00eda Obstetricia Ginecologia Pediatrico Doppler Color<\/p>\n","protected":false},"author":2,"featured_media":0,"parent":0,"menu_order":0,"comment_status":"closed","ping_status":"closed","template":"","meta":{"_joinchat":[],"footnotes":""},"class_list":["post-66","page","type-page","status-publish","hentry"],"_links":{"self":[{"href":"https:\/\/benitezecografias.com.ar\/estudios-ecograficos\/wp-json\/wp\/v2\/pages\/66","targetHints":{"allow":["GET"]}}],"collection":[{"href":"https:\/\/benitezecografias.com.ar\/estudios-ecograficos\/wp-json\/wp\/v2\/pages"}],"about":[{"href":"https:\/\/benitezecografias.com.ar\/estudios-ecograficos\/wp-json\/wp\/v2\/types\/page"}],"author":[{"embeddable":true,"href":"https:\/\/benitezecografias.com.ar\/estudios-ecograficos\/wp-json\/wp\/v2\/users\/2"}],"replies":[{"embeddable":true,"href":"https:\/\/benitezecografias.com.ar\/estudios-ecograficos\/wp-json\/wp\/v2\/comments?post=66"}],"version-history":[{"count":67,"href":"https:\/\/benitezecografias.com.ar\/estudios-ecograficos\/wp-json\/wp\/v2\/pages\/66\/revisions"}],"predecessor-version":[{"id":1002,"href":"https:\/\/benitezecografias.com.ar\/estudios-ecograficos\/wp-json\/wp\/v2\/pages\/66\/revisions\/1002"}],"wp:attachment":[{"href":"https:\/\/benitezecografias.com.ar\/estudios-ecograficos\/wp-json\/wp\/v2\/media?parent=66"}],"curies":[{"name":"wp","href":"https:\/\/api.w.org\/{rel}","templated":true}]}}